{"id":30,"date":"2022-02-18T16:33:08","date_gmt":"2022-02-18T19:33:08","guid":{"rendered":"https:\/\/www.gtlawyers.com.br\/site\/?page_id=30"},"modified":"2022-07-07T13:17:20","modified_gmt":"2022-07-07T16:17:20","slug":"pro-bono","status":"publish","type":"page","link":"https:\/\/www.gtlawyers.com.br\/fr\/pro-bono\/","title":{"rendered":"Pro-Bono"},"content":{"rendered":"<p>GTLawyers, par associ\u00e9e fondatrice, Tamy Tanzilli, participe, b\u00e9n\u00e9volement, au d\u00e9veloppement des associations suivantes :<\/p>\n\n\n\n<ul class=\"wp-block-list\"><li>Assistance juridique au comit\u00e9 fiscal de l'Association S\u00e3o Paulo Accueil, une organisation \u00e0 but non lucratif dont l'objectif est de fournir une assistance aux familles expatri\u00e9es afin qu'elles puissent s'int\u00e9grer socialement, notamment par le biais d'actions caritatives telles que le soutien \u00e9ducatif aux enfants, la promotion d'\u00e9v\u00e9nements de collecte de fonds, etc ;<\/li><\/ul>\n\n\n\n<ul class=\"wp-block-list\"><li>Vice-pr\u00e9sidente de l'Urban Art Association, une organisation \u00e0 but non lucratif dont l'objectif est de parrainer des artistes d'art urbain et de promouvoir des \u00e9v\u00e9nements internationaux.<\/li><\/ul>","protected":false},"excerpt":{"rendered":"<p>GTLawyers, por meio de sua s\u00f3cia fundadora Tamy Tanzilli, desenvolve os seguintes trabalhos pro-bono: Assist\u00eancia jur\u00eddica ao comit\u00ea tribut\u00e1rio da Associa\u00e7\u00e3o S\u00e3o Paulo Accueil, uma organiza\u00e7\u00e3o sem fins lucrativos cujo objetivo \u00e9 prestar assist\u00eancia a fam\u00edlias expatriadas de modo a que possam se integrar socialmente, especialmente por meio de a\u00e7\u00f5es de caridade tais como suporte [&hellip;]<\/p>\n","protected":false},"author":1,"featured_media":0,"parent":0,"menu_order":0,"comment_status":"closed","ping_status":"closed","template":"","meta":{"_acf_changed":false,"footnotes":""},"class_list":["post-30","page","type-page","status-publish","hentry"],"acf":[],"yoast_head":"<!-- This site is optimized with the Yoast SEO plugin v27.5 - https:\/\/yoast.com\/product\/yoast-seo-wordpress\/ -->\n<title>Pro-Bono | GTLawyers | Escrit\u00f3rio boutique full-service<\/title>\n<meta name=\"robots\" content=\"index, follow, max-snippet:-1, max-image-preview:large, max-video-preview:-1\" \/>\n<link rel=\"canonical\" href=\"https:\/\/www.gtlawyers.com.br\/fr\/pro-bono\/\" \/>\n<meta property=\"og:locale\" content=\"fr_FR\" \/>\n<meta property=\"og:type\" content=\"article\" \/>\n<meta property=\"og:title\" content=\"Pro-Bono | GTLawyers | Escrit\u00f3rio boutique full-service\" \/>\n<meta property=\"og:description\" content=\"GTLawyers, por meio de sua s\u00f3cia fundadora Tamy Tanzilli, desenvolve os seguintes trabalhos pro-bono: Assist\u00eancia jur\u00eddica ao comit\u00ea tribut\u00e1rio da Associa\u00e7\u00e3o S\u00e3o Paulo Accueil, uma organiza\u00e7\u00e3o sem fins lucrativos cujo objetivo \u00e9 prestar assist\u00eancia a fam\u00edlias expatriadas de modo a que possam se integrar socialmente, especialmente por meio de a\u00e7\u00f5es de caridade tais como suporte [&hellip;]\" \/>\n<meta property=\"og:url\" content=\"https:\/\/www.gtlawyers.com.br\/fr\/pro-bono\/\" \/>\n<meta property=\"og:site_name\" content=\"GTLawyers | Escrit\u00f3rio boutique full-service\" \/>\n<meta property=\"article:modified_time\" content=\"2022-07-07T16:17:20+00:00\" \/>\n<meta name=\"twitter:card\" content=\"summary_large_image\" \/>\n<meta name=\"twitter:label1\" content=\"Dur\u00e9e de lecture estim\u00e9e\" \/>\n\t<meta name=\"twitter:data1\" content=\"1 minute\" \/>\n<script type=\"application\/ld+json\" class=\"yoast-schema-graph\">{\"@context\":\"https:\\\/\\\/schema.org\",\"@graph\":[{\"@type\":\"WebPage\",\"@id\":\"https:\\\/\\\/www.gtlawyers.com.br\\\/pro-bono\\\/\",\"url\":\"https:\\\/\\\/www.gtlawyers.com.br\\\/pro-bono\\\/\",\"name\":\"Pro-Bono | GTLawyers | Escrit\u00f3rio boutique full-service\",\"isPartOf\":{\"@id\":\"https:\\\/\\\/www.gtlawyers.com.br\\\/#website\"},\"datePublished\":\"2022-02-18T19:33:08+00:00\",\"dateModified\":\"2022-07-07T16:17:20+00:00\",\"breadcrumb\":{\"@id\":\"https:\\\/\\\/www.gtlawyers.com.br\\\/pro-bono\\\/#breadcrumb\"},\"inLanguage\":\"fr-FR\",\"potentialAction\":[{\"@type\":\"ReadAction\",\"target\":[\"https:\\\/\\\/www.gtlawyers.com.br\\\/pro-bono\\\/\"]}]},{\"@type\":\"BreadcrumbList\",\"@id\":\"https:\\\/\\\/www.gtlawyers.com.br\\\/pro-bono\\\/#breadcrumb\",\"itemListElement\":[{\"@type\":\"ListItem\",\"position\":1,\"name\":\"In\u00edcio\",\"item\":\"https:\\\/\\\/www.gtlawyers.com.br\\\/\"},{\"@type\":\"ListItem\",\"position\":2,\"name\":\"Pro-Bono\"}]},{\"@type\":\"WebSite\",\"@id\":\"https:\\\/\\\/www.gtlawyers.com.br\\\/#website\",\"url\":\"https:\\\/\\\/www.gtlawyers.com.br\\\/\",\"name\":\"GTLawyers | Escrit\u00f3rio boutique full-service\",\"description\":\"Escrit\u00f3rio de advocacia franco-brasileiro para empresas especializado em M&amp;A, direito societ\u00e1rio, tribut\u00e1rio, imobili\u00e1rio, contencioso e compliance\",\"publisher\":{\"@id\":\"https:\\\/\\\/www.gtlawyers.com.br\\\/#organization\"},\"alternateName\":\"GTLawyers\",\"potentialAction\":[{\"@type\":\"SearchAction\",\"target\":{\"@type\":\"EntryPoint\",\"urlTemplate\":\"https:\\\/\\\/www.gtlawyers.com.br\\\/?s={search_term_string}\"},\"query-input\":{\"@type\":\"PropertyValueSpecification\",\"valueRequired\":true,\"valueName\":\"search_term_string\"}}],\"inLanguage\":\"fr-FR\"},{\"@type\":\"Organization\",\"@id\":\"https:\\\/\\\/www.gtlawyers.com.br\\\/#organization\",\"name\":\"GTLawyers - Escrit\u00f3rio boutique full-service\",\"url\":\"https:\\\/\\\/www.gtlawyers.com.br\\\/\",\"logo\":{\"@type\":\"ImageObject\",\"inLanguage\":\"fr-FR\",\"@id\":\"https:\\\/\\\/www.gtlawyers.com.br\\\/#\\\/schema\\\/logo\\\/image\\\/\",\"url\":\"https:\\\/\\\/www.gtlawyers.com.br\\\/site\\\/wp-content\\\/uploads\\\/image-3.png\",\"contentUrl\":\"https:\\\/\\\/www.gtlawyers.com.br\\\/site\\\/wp-content\\\/uploads\\\/image-3.png\",\"width\":166,\"height\":44,\"caption\":\"GTLawyers - Escrit\u00f3rio boutique full-service\"},\"image\":{\"@id\":\"https:\\\/\\\/www.gtlawyers.com.br\\\/#\\\/schema\\\/logo\\\/image\\\/\"},\"sameAs\":[\"https:\\\/\\\/www.linkedin.com\\\/company\\\/gtlawyers\\\/mycompany\\\/\"]}]}<\/script>\n<!-- \/ Yoast SEO plugin. -->","yoast_head_json":{"title":"Pro-Bono | GTLawyers | Escrit\u00f3rio boutique full-service","robots":{"index":"index","follow":"follow","max-snippet":"max-snippet:-1","max-image-preview":"max-image-preview:large","max-video-preview":"max-video-preview:-1"},"canonical":"https:\/\/www.gtlawyers.com.br\/fr\/pro-bono\/","og_locale":"fr_FR","og_type":"article","og_title":"Pro-Bono | GTLawyers | Escrit\u00f3rio boutique full-service","og_description":"GTLawyers, por meio de sua s\u00f3cia fundadora Tamy Tanzilli, desenvolve os seguintes trabalhos pro-bono: Assist\u00eancia jur\u00eddica ao comit\u00ea tribut\u00e1rio da Associa\u00e7\u00e3o S\u00e3o Paulo Accueil, uma organiza\u00e7\u00e3o sem fins lucrativos cujo objetivo \u00e9 prestar assist\u00eancia a fam\u00edlias expatriadas de modo a que possam se integrar socialmente, especialmente por meio de a\u00e7\u00f5es de caridade tais como suporte [&hellip;]","og_url":"https:\/\/www.gtlawyers.com.br\/fr\/pro-bono\/","og_site_name":"GTLawyers | Escrit\u00f3rio boutique full-service","article_modified_time":"2022-07-07T16:17:20+00:00","twitter_card":"summary_large_image","twitter_misc":{"Dur\u00e9e de lecture estim\u00e9e":"1 minute"},"schema":{"@context":"https:\/\/schema.org","@graph":[{"@type":"WebPage","@id":"https:\/\/www.gtlawyers.com.br\/pro-bono\/","url":"https:\/\/www.gtlawyers.com.br\/pro-bono\/","name":"Pro-Bono | GTLawyers | Escrit\u00f3rio boutique full-service","isPartOf":{"@id":"https:\/\/www.gtlawyers.com.br\/#website"},"datePublished":"2022-02-18T19:33:08+00:00","dateModified":"2022-07-07T16:17:20+00:00","breadcrumb":{"@id":"https:\/\/www.gtlawyers.com.br\/pro-bono\/#breadcrumb"},"inLanguage":"fr-FR","potentialAction":[{"@type":"ReadAction","target":["https:\/\/www.gtlawyers.com.br\/pro-bono\/"]}]},{"@type":"BreadcrumbList","@id":"https:\/\/www.gtlawyers.com.br\/pro-bono\/#breadcrumb","itemListElement":[{"@type":"ListItem","position":1,"name":"In\u00edcio","item":"https:\/\/www.gtlawyers.com.br\/"},{"@type":"ListItem","position":2,"name":"Pro-Bono"}]},{"@type":"WebSite","@id":"https:\/\/www.gtlawyers.com.br\/#website","url":"https:\/\/www.gtlawyers.com.br\/","name":"GTLawyers | Escrit\u00f3rio boutique full-service","description":"Escrit\u00f3rio de advocacia franco-brasileiro para empresas especializado em M&amp;A, direito societ\u00e1rio, tribut\u00e1rio, imobili\u00e1rio, contencioso e compliance","publisher":{"@id":"https:\/\/www.gtlawyers.com.br\/#organization"},"alternateName":"GTLawyers","potentialAction":[{"@type":"SearchAction","target":{"@type":"EntryPoint","urlTemplate":"https:\/\/www.gtlawyers.com.br\/?s={search_term_string}"},"query-input":{"@type":"PropertyValueSpecification","valueRequired":true,"valueName":"search_term_string"}}],"inLanguage":"fr-FR"},{"@type":"Organization","@id":"https:\/\/www.gtlawyers.com.br\/#organization","name":"GTLawyers - Escrit\u00f3rio boutique full-service","url":"https:\/\/www.gtlawyers.com.br\/","logo":{"@type":"ImageObject","inLanguage":"fr-FR","@id":"https:\/\/www.gtlawyers.com.br\/#\/schema\/logo\/image\/","url":"https:\/\/www.gtlawyers.com.br\/site\/wp-content\/uploads\/image-3.png","contentUrl":"https:\/\/www.gtlawyers.com.br\/site\/wp-content\/uploads\/image-3.png","width":166,"height":44,"caption":"GTLawyers - Escrit\u00f3rio boutique full-service"},"image":{"@id":"https:\/\/www.gtlawyers.com.br\/#\/schema\/logo\/image\/"},"sameAs":["https:\/\/www.linkedin.com\/company\/gtlawyers\/mycompany\/"]}]}},"_links":{"self":[{"href":"https:\/\/www.gtlawyers.com.br\/fr\/wp-json\/wp\/v2\/pages\/30","targetHints":{"allow":["GET"]}}],"collection":[{"href":"https:\/\/www.gtlawyers.com.br\/fr\/wp-json\/wp\/v2\/pages"}],"about":[{"href":"https:\/\/www.gtlawyers.com.br\/fr\/wp-json\/wp\/v2\/types\/page"}],"author":[{"embeddable":true,"href":"https:\/\/www.gtlawyers.com.br\/fr\/wp-json\/wp\/v2\/users\/1"}],"replies":[{"embeddable":true,"href":"https:\/\/www.gtlawyers.com.br\/fr\/wp-json\/wp\/v2\/comments?post=30"}],"version-history":[{"count":8,"href":"https:\/\/www.gtlawyers.com.br\/fr\/wp-json\/wp\/v2\/pages\/30\/revisions"}],"predecessor-version":[{"id":775,"href":"https:\/\/www.gtlawyers.com.br\/fr\/wp-json\/wp\/v2\/pages\/30\/revisions\/775"}],"wp:attachment":[{"href":"https:\/\/www.gtlawyers.com.br\/fr\/wp-json\/wp\/v2\/media?parent=30"}],"curies":[{"name":"wp","href":"https:\/\/api.w.org\/{rel}","templated":true}]}}