{"id":32,"date":"2022-02-18T16:34:01","date_gmt":"2022-02-18T19:34:01","guid":{"rendered":"https:\/\/www.gtlawyers.com.br\/site\/?page_id=32"},"modified":"2022-06-22T17:15:50","modified_gmt":"2022-06-22T20:15:50","slug":"diversidade","status":"publish","type":"page","link":"https:\/\/www.gtlawyers.com.br\/fr\/responsabilidade-social\/diversidade\/","title":{"rendered":"Diversit\u00e9"},"content":{"rendered":"<p>GTLawyers a conscience des barri\u00e8res et des d\u00e9fis sociaux \u00e0 relever pour d\u00e9velopper une soci\u00e9t\u00e9 plus inclusive - nous cherchons \u00e0 valoriser et \u00e0 respecter les diff\u00e9rences, ainsi qu'\u00e0 entretenir de bonnes relations entre tous et toutes. Notre cabinet estime qu'une culture plus inclusive est essentielle pour offrir une exp\u00e9rience plus positive et transformatrice \u00e0 nos professionnels.<\/p>","protected":false},"excerpt":{"rendered":"<p>GTLawyers a conscience des barri\u00e8res et des d\u00e9fis sociaux \u00e0 relever pour d\u00e9velopper une soci\u00e9t\u00e9 plus inclusive - nous cherchons \u00e0 valoriser et \u00e0 respecter les diff\u00e9rences, ainsi qu'\u00e0 entretenir de bonnes relations entre tous et toutes. Notre cabinet estime qu'une culture plus inclusive est essentielle pour offrir une exp\u00e9rience plus positive et transformatrice \u00e0 nos professionnels.<\/p>","protected":false},"author":1,"featured_media":0,"parent":27,"menu_order":0,"comment_status":"closed","ping_status":"closed","template":"","meta":{"_acf_changed":false,"footnotes":""},"class_list":["post-32","page","type-page","status-publish","hentry"],"acf":[],"yoast_head":"<!-- This site is optimized with the Yoast SEO plugin v27.3 - https:\/\/yoast.com\/product\/yoast-seo-wordpress\/ -->\n<title>Diversidade | GTLawyers | Escrit\u00f3rio boutique full-service<\/title>\n<meta name=\"robots\" content=\"index, follow, max-snippet:-1, max-image-preview:large, max-video-preview:-1\" \/>\n<link rel=\"canonical\" href=\"https:\/\/www.gtlawyers.com.br\/fr\/responsabilidade-social\/diversidade\/\" \/>\n<meta property=\"og:locale\" content=\"fr_FR\" \/>\n<meta property=\"og:type\" content=\"article\" \/>\n<meta property=\"og:title\" content=\"Diversidade | GTLawyers | Escrit\u00f3rio boutique full-service\" \/>\n<meta property=\"og:description\" content=\"O GTLawyers compreende as barreiras e desafios sociais para o desenvolvimento de uma sociedade mais inclusiva \u2013 buscamos valorizar e respeitar as diferen\u00e7as, bem como cultivar as boas rela\u00e7\u00f5es entre todos e todas. Nosso escrit\u00f3rio acredita que uma cultura mais inclusiva \u00e9 essencial para proporcionar uma experi\u00eancia mais positiva e transformadora para os nossos profissionais.\" \/>\n<meta property=\"og:url\" content=\"https:\/\/www.gtlawyers.com.br\/fr\/responsabilidade-social\/diversidade\/\" \/>\n<meta property=\"og:site_name\" content=\"GTLawyers | Escrit\u00f3rio boutique full-service\" \/>\n<meta property=\"article:modified_time\" content=\"2022-06-22T20:15:50+00:00\" \/>\n<meta name=\"twitter:card\" content=\"summary_large_image\" \/>\n<script type=\"application\/ld+json\" class=\"yoast-schema-graph\">{\"@context\":\"https:\\\/\\\/schema.org\",\"@graph\":[{\"@type\":\"WebPage\",\"@id\":\"https:\\\/\\\/www.gtlawyers.com.br\\\/responsabilidade-social\\\/diversidade\\\/\",\"url\":\"https:\\\/\\\/www.gtlawyers.com.br\\\/responsabilidade-social\\\/diversidade\\\/\",\"name\":\"Diversidade | GTLawyers | Escrit\u00f3rio boutique full-service\",\"isPartOf\":{\"@id\":\"https:\\\/\\\/www.gtlawyers.com.br\\\/#website\"},\"datePublished\":\"2022-02-18T19:34:01+00:00\",\"dateModified\":\"2022-06-22T20:15:50+00:00\",\"breadcrumb\":{\"@id\":\"https:\\\/\\\/www.gtlawyers.com.br\\\/responsabilidade-social\\\/diversidade\\\/#breadcrumb\"},\"inLanguage\":\"fr-FR\",\"potentialAction\":[{\"@type\":\"ReadAction\",\"target\":[\"https:\\\/\\\/www.gtlawyers.com.br\\\/responsabilidade-social\\\/diversidade\\\/\"]}]},{\"@type\":\"BreadcrumbList\",\"@id\":\"https:\\\/\\\/www.gtlawyers.com.br\\\/responsabilidade-social\\\/diversidade\\\/#breadcrumb\",\"itemListElement\":[{\"@type\":\"ListItem\",\"position\":1,\"name\":\"In\u00edcio\",\"item\":\"https:\\\/\\\/www.gtlawyers.com.br\\\/\"},{\"@type\":\"ListItem\",\"position\":2,\"name\":\"Responsabilidade social\",\"item\":\"https:\\\/\\\/www.gtlawyers.com.br\\\/responsabilidade-social\\\/\"},{\"@type\":\"ListItem\",\"position\":3,\"name\":\"Diversidade\"}]},{\"@type\":\"WebSite\",\"@id\":\"https:\\\/\\\/www.gtlawyers.com.br\\\/#website\",\"url\":\"https:\\\/\\\/www.gtlawyers.com.br\\\/\",\"name\":\"GTLawyers | Escrit\u00f3rio boutique full-service\",\"description\":\"Escrit\u00f3rio de advocacia franco-brasileiro para empresas especializado em M&amp;A, direito societ\u00e1rio, tribut\u00e1rio, imobili\u00e1rio, contencioso e compliance\",\"publisher\":{\"@id\":\"https:\\\/\\\/www.gtlawyers.com.br\\\/#organization\"},\"alternateName\":\"GTLawyers\",\"potentialAction\":[{\"@type\":\"SearchAction\",\"target\":{\"@type\":\"EntryPoint\",\"urlTemplate\":\"https:\\\/\\\/www.gtlawyers.com.br\\\/?s={search_term_string}\"},\"query-input\":{\"@type\":\"PropertyValueSpecification\",\"valueRequired\":true,\"valueName\":\"search_term_string\"}}],\"inLanguage\":\"fr-FR\"},{\"@type\":\"Organization\",\"@id\":\"https:\\\/\\\/www.gtlawyers.com.br\\\/#organization\",\"name\":\"GTLawyers - Escrit\u00f3rio boutique full-service\",\"url\":\"https:\\\/\\\/www.gtlawyers.com.br\\\/\",\"logo\":{\"@type\":\"ImageObject\",\"inLanguage\":\"fr-FR\",\"@id\":\"https:\\\/\\\/www.gtlawyers.com.br\\\/#\\\/schema\\\/logo\\\/image\\\/\",\"url\":\"https:\\\/\\\/www.gtlawyers.com.br\\\/site\\\/wp-content\\\/uploads\\\/image-3.png\",\"contentUrl\":\"https:\\\/\\\/www.gtlawyers.com.br\\\/site\\\/wp-content\\\/uploads\\\/image-3.png\",\"width\":166,\"height\":44,\"caption\":\"GTLawyers - Escrit\u00f3rio boutique full-service\"},\"image\":{\"@id\":\"https:\\\/\\\/www.gtlawyers.com.br\\\/#\\\/schema\\\/logo\\\/image\\\/\"},\"sameAs\":[\"https:\\\/\\\/www.linkedin.com\\\/company\\\/gtlawyers\\\/mycompany\\\/\"]}]}<\/script>\n<!-- \/ Yoast SEO plugin. -->","yoast_head_json":{"title":"Diversidade | GTLawyers | Escrit\u00f3rio boutique full-service","robots":{"index":"index","follow":"follow","max-snippet":"max-snippet:-1","max-image-preview":"max-image-preview:large","max-video-preview":"max-video-preview:-1"},"canonical":"https:\/\/www.gtlawyers.com.br\/fr\/responsabilidade-social\/diversidade\/","og_locale":"fr_FR","og_type":"article","og_title":"Diversidade | GTLawyers | Escrit\u00f3rio boutique full-service","og_description":"O GTLawyers compreende as barreiras e desafios sociais para o desenvolvimento de uma sociedade mais inclusiva \u2013 buscamos valorizar e respeitar as diferen\u00e7as, bem como cultivar as boas rela\u00e7\u00f5es entre todos e todas. Nosso escrit\u00f3rio acredita que uma cultura mais inclusiva \u00e9 essencial para proporcionar uma experi\u00eancia mais positiva e transformadora para os nossos profissionais.","og_url":"https:\/\/www.gtlawyers.com.br\/fr\/responsabilidade-social\/diversidade\/","og_site_name":"GTLawyers | Escrit\u00f3rio boutique full-service","article_modified_time":"2022-06-22T20:15:50+00:00","twitter_card":"summary_large_image","schema":{"@context":"https:\/\/schema.org","@graph":[{"@type":"WebPage","@id":"https:\/\/www.gtlawyers.com.br\/responsabilidade-social\/diversidade\/","url":"https:\/\/www.gtlawyers.com.br\/responsabilidade-social\/diversidade\/","name":"Diversidade | GTLawyers | Escrit\u00f3rio boutique full-service","isPartOf":{"@id":"https:\/\/www.gtlawyers.com.br\/#website"},"datePublished":"2022-02-18T19:34:01+00:00","dateModified":"2022-06-22T20:15:50+00:00","breadcrumb":{"@id":"https:\/\/www.gtlawyers.com.br\/responsabilidade-social\/diversidade\/#breadcrumb"},"inLanguage":"fr-FR","potentialAction":[{"@type":"ReadAction","target":["https:\/\/www.gtlawyers.com.br\/responsabilidade-social\/diversidade\/"]}]},{"@type":"BreadcrumbList","@id":"https:\/\/www.gtlawyers.com.br\/responsabilidade-social\/diversidade\/#breadcrumb","itemListElement":[{"@type":"ListItem","position":1,"name":"In\u00edcio","item":"https:\/\/www.gtlawyers.com.br\/"},{"@type":"ListItem","position":2,"name":"Responsabilidade social","item":"https:\/\/www.gtlawyers.com.br\/responsabilidade-social\/"},{"@type":"ListItem","position":3,"name":"Diversidade"}]},{"@type":"WebSite","@id":"https:\/\/www.gtlawyers.com.br\/#website","url":"https:\/\/www.gtlawyers.com.br\/","name":"GTLawyers | Escrit\u00f3rio boutique full-service","description":"Escrit\u00f3rio de advocacia franco-brasileiro para empresas especializado em M&amp;A, direito societ\u00e1rio, tribut\u00e1rio, imobili\u00e1rio, contencioso e compliance","publisher":{"@id":"https:\/\/www.gtlawyers.com.br\/#organization"},"alternateName":"GTLawyers","potentialAction":[{"@type":"SearchAction","target":{"@type":"EntryPoint","urlTemplate":"https:\/\/www.gtlawyers.com.br\/?s={search_term_string}"},"query-input":{"@type":"PropertyValueSpecification","valueRequired":true,"valueName":"search_term_string"}}],"inLanguage":"fr-FR"},{"@type":"Organization","@id":"https:\/\/www.gtlawyers.com.br\/#organization","name":"GTLawyers - Escrit\u00f3rio boutique full-service","url":"https:\/\/www.gtlawyers.com.br\/","logo":{"@type":"ImageObject","inLanguage":"fr-FR","@id":"https:\/\/www.gtlawyers.com.br\/#\/schema\/logo\/image\/","url":"https:\/\/www.gtlawyers.com.br\/site\/wp-content\/uploads\/image-3.png","contentUrl":"https:\/\/www.gtlawyers.com.br\/site\/wp-content\/uploads\/image-3.png","width":166,"height":44,"caption":"GTLawyers - Escrit\u00f3rio boutique full-service"},"image":{"@id":"https:\/\/www.gtlawyers.com.br\/#\/schema\/logo\/image\/"},"sameAs":["https:\/\/www.linkedin.com\/company\/gtlawyers\/mycompany\/"]}]}},"_links":{"self":[{"href":"https:\/\/www.gtlawyers.com.br\/fr\/wp-json\/wp\/v2\/pages\/32","targetHints":{"allow":["GET"]}}],"collection":[{"href":"https:\/\/www.gtlawyers.com.br\/fr\/wp-json\/wp\/v2\/pages"}],"about":[{"href":"https:\/\/www.gtlawyers.com.br\/fr\/wp-json\/wp\/v2\/types\/page"}],"author":[{"embeddable":true,"href":"https:\/\/www.gtlawyers.com.br\/fr\/wp-json\/wp\/v2\/users\/1"}],"replies":[{"embeddable":true,"href":"https:\/\/www.gtlawyers.com.br\/fr\/wp-json\/wp\/v2\/comments?post=32"}],"version-history":[{"count":5,"href":"https:\/\/www.gtlawyers.com.br\/fr\/wp-json\/wp\/v2\/pages\/32\/revisions"}],"predecessor-version":[{"id":701,"href":"https:\/\/www.gtlawyers.com.br\/fr\/wp-json\/wp\/v2\/pages\/32\/revisions\/701"}],"up":[{"embeddable":true,"href":"https:\/\/www.gtlawyers.com.br\/fr\/wp-json\/wp\/v2\/pages\/27"}],"wp:attachment":[{"href":"https:\/\/www.gtlawyers.com.br\/fr\/wp-json\/wp\/v2\/media?parent=32"}],"curies":[{"name":"wp","href":"https:\/\/api.w.org\/{rel}","templated":true}]}}