{"id":6,"date":"2022-01-24T21:24:28","date_gmt":"2022-01-25T00:24:28","guid":{"rendered":"https:\/\/www.gtlawyers.com.br\/site\/?page_id=6"},"modified":"2022-04-18T17:31:49","modified_gmt":"2022-04-18T20:31:49","slug":"quem-somos","status":"publish","type":"page","link":"https:\/\/www.gtlawyers.com.br\/fr\/quem-somos\/","title":{"rendered":"Qui sommes-nous ?"},"content":{"rendered":"<p class=\"translation-block\">GTLawyers est un cabinet d'avocats full-service bas\u00e9 \u00e0 S\u00e3o Paulo et \u00e0 Rio de Janeiro, qui compte plus d'une dizaine d'ann\u00e9es d'exp\u00e9rience sur le march\u00e9. Il est compos\u00e9 d'une \u00e9quipe d'avocats ayant une grande exp\u00e9rience en transactions transfrontali\u00e8res (projets greenfield, joint-ventures, acquisitions, op\u00e9rations structur\u00e9es de financement, etc.) dans divers secteurs du march\u00e9 (industrie pharmaceutique, immobilier, automobile, alimentaire et minier, innovation et technologie, entre autres).<\/p>\n\n\n\n<p class=\"translation-block\">Nous conseillons nos clients de la structuration du projet (optimisation fiscale, d\u00e9finition de la strat\u00e9gie et de la gouvernance de l'entreprise, \u00e9valuation des risques, protection des donn\u00e9es, entre autres) \u00e0 la gestion juridique de l'op\u00e9ration au Br\u00e9sil.<\/p>","protected":false},"excerpt":{"rendered":"<p class=\"translation-block\">GTLawyers est un cabinet d'avocats full-service bas\u00e9 \u00e0 S\u00e3o Paulo et \u00e0 Rio de Janeiro, qui compte plus d'une dizaine d'ann\u00e9es d'exp\u00e9rience sur le march\u00e9. Il est compos\u00e9 d'une \u00e9quipe d'avocats ayant une grande exp\u00e9rience en transactions transfrontali\u00e8res (projets greenfield, joint-ventures, acquisitions, op\u00e9rations structur\u00e9es de financement, etc.) dans divers secteurs du march\u00e9 (industrie pharmaceutique, immobilier, automobile, alimentaire et minier, innovation et technologie, entre autres).<\/p>","protected":false},"author":1,"featured_media":313,"parent":0,"menu_order":0,"comment_status":"closed","ping_status":"closed","template":"","meta":{"_acf_changed":false,"footnotes":""},"class_list":["post-6","page","type-page","status-publish","has-post-thumbnail","hentry"],"acf":[],"yoast_head":"<!-- This site is optimized with the Yoast SEO plugin v27.3 - https:\/\/yoast.com\/product\/yoast-seo-wordpress\/ -->\n<title>Quem somos | GTLawyers | Escrit\u00f3rio boutique full-service<\/title>\n<meta name=\"robots\" content=\"index, follow, max-snippet:-1, max-image-preview:large, max-video-preview:-1\" \/>\n<link rel=\"canonical\" href=\"https:\/\/www.gtlawyers.com.br\/fr\/quem-somos\/\" \/>\n<meta property=\"og:locale\" content=\"fr_FR\" \/>\n<meta property=\"og:type\" content=\"article\" \/>\n<meta property=\"og:title\" content=\"Quem somos | GTLawyers | Escrit\u00f3rio boutique full-service\" \/>\n<meta property=\"og:description\" content=\"O GTLawyers \u00e9 um escrit\u00f3rio boutique full-service com sede em S\u00e3o Paulo e mais de uma d\u00e9cada de atua\u00e7\u00e3o no mercado, formado por uma equipe de mais de 50 advogados com ampla experi\u00eancia em transa\u00e7\u00f5es cross-border (projetos greenfield, joint ventures, aquisi\u00e7\u00f5es, opera\u00e7\u00f5es estruturadas de financiamento, etc.) em diversos segmentos do mercado (farmac\u00eautico, imobili\u00e1rio, ind\u00fastrias automotiva, aliment\u00edcia e miner\u00e1ria, inova\u00e7\u00e3o e tecnologia, entre outros).\" \/>\n<meta property=\"og:url\" content=\"https:\/\/www.gtlawyers.com.br\/fr\/quem-somos\/\" \/>\n<meta property=\"og:site_name\" content=\"GTLawyers | Escrit\u00f3rio boutique full-service\" \/>\n<meta property=\"article:modified_time\" content=\"2022-04-18T20:31:49+00:00\" \/>\n<meta property=\"og:image\" content=\"https:\/\/www.gtlawyers.com.br\/site\/wp-content\/uploads\/foto-quem-somos.jpg\" \/>\n\t<meta property=\"og:image:width\" content=\"1024\" \/>\n\t<meta property=\"og:image:height\" content=\"639\" \/>\n\t<meta property=\"og:image:type\" content=\"image\/jpeg\" \/>\n<meta name=\"twitter:card\" content=\"summary_large_image\" \/>\n<meta name=\"twitter:label1\" content=\"Dur\u00e9e de lecture estim\u00e9e\" \/>\n\t<meta name=\"twitter:data1\" content=\"1 minute\" \/>\n<script type=\"application\/ld+json\" class=\"yoast-schema-graph\">{\"@context\":\"https:\\\/\\\/schema.org\",\"@graph\":[{\"@type\":\"WebPage\",\"@id\":\"https:\\\/\\\/www.gtlawyers.com.br\\\/en\\\/quem-somos\\\/\",\"url\":\"https:\\\/\\\/www.gtlawyers.com.br\\\/en\\\/quem-somos\\\/\",\"name\":\"Quem somos | GTLawyers | Escrit\u00f3rio boutique full-service\",\"isPartOf\":{\"@id\":\"https:\\\/\\\/www.gtlawyers.com.br\\\/#website\"},\"primaryImageOfPage\":{\"@id\":\"https:\\\/\\\/www.gtlawyers.com.br\\\/en\\\/quem-somos\\\/#primaryimage\"},\"image\":{\"@id\":\"https:\\\/\\\/www.gtlawyers.com.br\\\/en\\\/quem-somos\\\/#primaryimage\"},\"thumbnailUrl\":\"https:\\\/\\\/www.gtlawyers.com.br\\\/site\\\/wp-content\\\/uploads\\\/foto-quem-somos.jpg\",\"datePublished\":\"2022-01-25T00:24:28+00:00\",\"dateModified\":\"2022-04-18T20:31:49+00:00\",\"breadcrumb\":{\"@id\":\"https:\\\/\\\/www.gtlawyers.com.br\\\/en\\\/quem-somos\\\/#breadcrumb\"},\"inLanguage\":\"fr-FR\",\"potentialAction\":[{\"@type\":\"ReadAction\",\"target\":[\"https:\\\/\\\/www.gtlawyers.com.br\\\/en\\\/quem-somos\\\/\"]}]},{\"@type\":\"ImageObject\",\"inLanguage\":\"fr-FR\",\"@id\":\"https:\\\/\\\/www.gtlawyers.com.br\\\/en\\\/quem-somos\\\/#primaryimage\",\"url\":\"https:\\\/\\\/www.gtlawyers.com.br\\\/site\\\/wp-content\\\/uploads\\\/foto-quem-somos.jpg\",\"contentUrl\":\"https:\\\/\\\/www.gtlawyers.com.br\\\/site\\\/wp-content\\\/uploads\\\/foto-quem-somos.jpg\",\"width\":1024,\"height\":639},{\"@type\":\"BreadcrumbList\",\"@id\":\"https:\\\/\\\/www.gtlawyers.com.br\\\/en\\\/quem-somos\\\/#breadcrumb\",\"itemListElement\":[{\"@type\":\"ListItem\",\"position\":1,\"name\":\"In\u00edcio\",\"item\":\"https:\\\/\\\/www.gtlawyers.com.br\\\/\"},{\"@type\":\"ListItem\",\"position\":2,\"name\":\"Quem somos\"}]},{\"@type\":\"WebSite\",\"@id\":\"https:\\\/\\\/www.gtlawyers.com.br\\\/#website\",\"url\":\"https:\\\/\\\/www.gtlawyers.com.br\\\/\",\"name\":\"GTLawyers | Escrit\u00f3rio boutique full-service\",\"description\":\"Escrit\u00f3rio de advocacia franco-brasileiro para empresas especializado em M&amp;A, direito societ\u00e1rio, tribut\u00e1rio, imobili\u00e1rio, contencioso e compliance\",\"publisher\":{\"@id\":\"https:\\\/\\\/www.gtlawyers.com.br\\\/#organization\"},\"alternateName\":\"GTLawyers\",\"potentialAction\":[{\"@type\":\"SearchAction\",\"target\":{\"@type\":\"EntryPoint\",\"urlTemplate\":\"https:\\\/\\\/www.gtlawyers.com.br\\\/?s={search_term_string}\"},\"query-input\":{\"@type\":\"PropertyValueSpecification\",\"valueRequired\":true,\"valueName\":\"search_term_string\"}}],\"inLanguage\":\"fr-FR\"},{\"@type\":\"Organization\",\"@id\":\"https:\\\/\\\/www.gtlawyers.com.br\\\/#organization\",\"name\":\"GTLawyers - Escrit\u00f3rio boutique full-service\",\"url\":\"https:\\\/\\\/www.gtlawyers.com.br\\\/\",\"logo\":{\"@type\":\"ImageObject\",\"inLanguage\":\"fr-FR\",\"@id\":\"https:\\\/\\\/www.gtlawyers.com.br\\\/#\\\/schema\\\/logo\\\/image\\\/\",\"url\":\"https:\\\/\\\/www.gtlawyers.com.br\\\/site\\\/wp-content\\\/uploads\\\/image-3.png\",\"contentUrl\":\"https:\\\/\\\/www.gtlawyers.com.br\\\/site\\\/wp-content\\\/uploads\\\/image-3.png\",\"width\":166,\"height\":44,\"caption\":\"GTLawyers - Escrit\u00f3rio boutique full-service\"},\"image\":{\"@id\":\"https:\\\/\\\/www.gtlawyers.com.br\\\/#\\\/schema\\\/logo\\\/image\\\/\"},\"sameAs\":[\"https:\\\/\\\/www.linkedin.com\\\/company\\\/gtlawyers\\\/mycompany\\\/\"]}]}<\/script>\n<!-- \/ Yoast SEO plugin. -->","yoast_head_json":{"title":"Quem somos | GTLawyers | Escrit\u00f3rio boutique full-service","robots":{"index":"index","follow":"follow","max-snippet":"max-snippet:-1","max-image-preview":"max-image-preview:large","max-video-preview":"max-video-preview:-1"},"canonical":"https:\/\/www.gtlawyers.com.br\/fr\/quem-somos\/","og_locale":"fr_FR","og_type":"article","og_title":"Quem somos | GTLawyers | Escrit\u00f3rio boutique full-service","og_description":"O GTLawyers \u00e9 um escrit\u00f3rio boutique full-service com sede em S\u00e3o Paulo e mais de uma d\u00e9cada de atua\u00e7\u00e3o no mercado, formado por uma equipe de mais de 50 advogados com ampla experi\u00eancia em transa\u00e7\u00f5es cross-border (projetos greenfield, joint ventures, aquisi\u00e7\u00f5es, opera\u00e7\u00f5es estruturadas de financiamento, etc.) em diversos segmentos do mercado (farmac\u00eautico, imobili\u00e1rio, ind\u00fastrias automotiva, aliment\u00edcia e miner\u00e1ria, inova\u00e7\u00e3o e tecnologia, entre outros).","og_url":"https:\/\/www.gtlawyers.com.br\/fr\/quem-somos\/","og_site_name":"GTLawyers | Escrit\u00f3rio boutique full-service","article_modified_time":"2022-04-18T20:31:49+00:00","og_image":[{"width":1024,"height":639,"url":"https:\/\/www.gtlawyers.com.br\/site\/wp-content\/uploads\/foto-quem-somos.jpg","type":"image\/jpeg"}],"twitter_card":"summary_large_image","twitter_misc":{"Dur\u00e9e de lecture estim\u00e9e":"1 minute"},"schema":{"@context":"https:\/\/schema.org","@graph":[{"@type":"WebPage","@id":"https:\/\/www.gtlawyers.com.br\/en\/quem-somos\/","url":"https:\/\/www.gtlawyers.com.br\/en\/quem-somos\/","name":"Quem somos | GTLawyers | Escrit\u00f3rio boutique full-service","isPartOf":{"@id":"https:\/\/www.gtlawyers.com.br\/#website"},"primaryImageOfPage":{"@id":"https:\/\/www.gtlawyers.com.br\/en\/quem-somos\/#primaryimage"},"image":{"@id":"https:\/\/www.gtlawyers.com.br\/en\/quem-somos\/#primaryimage"},"thumbnailUrl":"https:\/\/www.gtlawyers.com.br\/site\/wp-content\/uploads\/foto-quem-somos.jpg","datePublished":"2022-01-25T00:24:28+00:00","dateModified":"2022-04-18T20:31:49+00:00","breadcrumb":{"@id":"https:\/\/www.gtlawyers.com.br\/en\/quem-somos\/#breadcrumb"},"inLanguage":"fr-FR","potentialAction":[{"@type":"ReadAction","target":["https:\/\/www.gtlawyers.com.br\/en\/quem-somos\/"]}]},{"@type":"ImageObject","inLanguage":"fr-FR","@id":"https:\/\/www.gtlawyers.com.br\/en\/quem-somos\/#primaryimage","url":"https:\/\/www.gtlawyers.com.br\/site\/wp-content\/uploads\/foto-quem-somos.jpg","contentUrl":"https:\/\/www.gtlawyers.com.br\/site\/wp-content\/uploads\/foto-quem-somos.jpg","width":1024,"height":639},{"@type":"BreadcrumbList","@id":"https:\/\/www.gtlawyers.com.br\/en\/quem-somos\/#breadcrumb","itemListElement":[{"@type":"ListItem","position":1,"name":"In\u00edcio","item":"https:\/\/www.gtlawyers.com.br\/"},{"@type":"ListItem","position":2,"name":"Quem somos"}]},{"@type":"WebSite","@id":"https:\/\/www.gtlawyers.com.br\/#website","url":"https:\/\/www.gtlawyers.com.br\/","name":"GTLawyers | Escrit\u00f3rio boutique full-service","description":"Escrit\u00f3rio de advocacia franco-brasileiro para empresas especializado em M&amp;A, direito societ\u00e1rio, tribut\u00e1rio, imobili\u00e1rio, contencioso e compliance","publisher":{"@id":"https:\/\/www.gtlawyers.com.br\/#organization"},"alternateName":"GTLawyers","potentialAction":[{"@type":"SearchAction","target":{"@type":"EntryPoint","urlTemplate":"https:\/\/www.gtlawyers.com.br\/?s={search_term_string}"},"query-input":{"@type":"PropertyValueSpecification","valueRequired":true,"valueName":"search_term_string"}}],"inLanguage":"fr-FR"},{"@type":"Organization","@id":"https:\/\/www.gtlawyers.com.br\/#organization","name":"GTLawyers - Escrit\u00f3rio boutique full-service","url":"https:\/\/www.gtlawyers.com.br\/","logo":{"@type":"ImageObject","inLanguage":"fr-FR","@id":"https:\/\/www.gtlawyers.com.br\/#\/schema\/logo\/image\/","url":"https:\/\/www.gtlawyers.com.br\/site\/wp-content\/uploads\/image-3.png","contentUrl":"https:\/\/www.gtlawyers.com.br\/site\/wp-content\/uploads\/image-3.png","width":166,"height":44,"caption":"GTLawyers - Escrit\u00f3rio boutique full-service"},"image":{"@id":"https:\/\/www.gtlawyers.com.br\/#\/schema\/logo\/image\/"},"sameAs":["https:\/\/www.linkedin.com\/company\/gtlawyers\/mycompany\/"]}]}},"_links":{"self":[{"href":"https:\/\/www.gtlawyers.com.br\/fr\/wp-json\/wp\/v2\/pages\/6","targetHints":{"allow":["GET"]}}],"collection":[{"href":"https:\/\/www.gtlawyers.com.br\/fr\/wp-json\/wp\/v2\/pages"}],"about":[{"href":"https:\/\/www.gtlawyers.com.br\/fr\/wp-json\/wp\/v2\/types\/page"}],"author":[{"embeddable":true,"href":"https:\/\/www.gtlawyers.com.br\/fr\/wp-json\/wp\/v2\/users\/1"}],"replies":[{"embeddable":true,"href":"https:\/\/www.gtlawyers.com.br\/fr\/wp-json\/wp\/v2\/comments?post=6"}],"version-history":[{"count":5,"href":"https:\/\/www.gtlawyers.com.br\/fr\/wp-json\/wp\/v2\/pages\/6\/revisions"}],"predecessor-version":[{"id":210,"href":"https:\/\/www.gtlawyers.com.br\/fr\/wp-json\/wp\/v2\/pages\/6\/revisions\/210"}],"wp:featuredmedia":[{"embeddable":true,"href":"https:\/\/www.gtlawyers.com.br\/fr\/wp-json\/wp\/v2\/media\/313"}],"wp:attachment":[{"href":"https:\/\/www.gtlawyers.com.br\/fr\/wp-json\/wp\/v2\/media?parent=6"}],"curies":[{"name":"wp","href":"https:\/\/api.w.org\/{rel}","templated":true}]}}